{"id":917,"date":"2021-01-05T20:37:22","date_gmt":"2021-01-06T01:37:22","guid":{"rendered":"https:\/\/patronfy.com\/?post_type=product&#038;p=917"},"modified":"2022-06-01T14:01:33","modified_gmt":"2022-06-01T19:01:33","slug":"3-disenos","status":"publish","type":"product","link":"https:\/\/patronfy.com\/en\/product\/3-disenos\/","title":{"rendered":"eBook Transformaciones Blusas Basic 3 dise\u00f1os"},"content":{"rendered":"<p><b>Este eBook es una\u00a0 gu\u00eda paso a paso de como hacer 3 transformaciones de patrones<\/b><span style=\"font-weight: 400;\"> del cuerpo base hasta la cintura (Delantero)<\/span><\/p>\n<p><span style=\"font-weight: 400;\">Esta es<\/span><b> una Oferta \u00fanica en Patronfy.\u00a0<\/b><\/p>\n<p><span style=\"font-weight: 400;\">El eBook contiene:<\/span><\/p>\n<ul>\n<li style=\"font-weight: 400;\" aria-level=\"1\"><span style=\"font-weight: 400;\">3 transformaciones de cuerpo base hasta la cintura. (Delantero)<\/span><\/li>\n<li style=\"font-weight: 400;\" aria-level=\"1\"><b>Descripci\u00f3n gr\u00e1fica\u00a0 paso a paso<\/b><span style=\"font-weight: 400;\"> para crear cada dise\u00f1o. (<\/span><b>patronaje<\/b><span style=\"font-weight: 400;\">)<\/span><\/li>\n<li style=\"font-weight: 400;\" aria-level=\"1\"><span style=\"font-weight: 400;\">El dibujo plano de cada modelo para ver cualquier detalle de la prenda.<\/span><\/li>\n<li style=\"font-weight: 400;\" aria-level=\"1\"><span style=\"font-weight: 400;\">El ebook contiene 8 hojas.<\/span><\/li>\n<li style=\"font-weight: 400;\" aria-level=\"1\"><span style=\"font-weight: 400;\">Documento en PDF |\u00a0 A4<\/span><\/li>\n<li style=\"font-weight: 400;\" aria-level=\"1\"><span style=\"font-weight: 400;\">Documento en Espa\u00f1ol<\/span><\/li>\n<\/ul>\n<p><b>El e-book contiene pocas palabras. El e-book visualmente lo puedes entender.<\/b><\/p>\n<p><span style=\"font-weight: 400;\">Para replicar estas transformaciones debes tener a la mano tu patr\u00f3n base de cuerpo (corpi\u00f1o base) porque desde este molde partiremos todas las\u00a0 modificaciones. Es decir que al comprar este e-book ya debes haberte familiarizado con el patronaje. <\/span><\/p>","protected":false},"excerpt":{"rendered":"<p><span style=\"font-weight: 400;\">En <\/span><b>el e-book de transformaciones<\/b><span style=\"font-weight: 400;\"> aprender\u00e1s t\u00e9cnicas probadas de patronaje, para que las repliques en tus dise\u00f1os.<\/span><\/p>\n<p><span style=\"font-weight: 400;\">El eBook contiene:<\/span><\/p>\n<ul>\n<li style=\"font-weight: 400;\" aria-level=\"1\"><span style=\"font-weight: 400;\">3 transformaciones de cuerpo base hasta la cintura. (Delantero)<\/span><\/li>\n<li style=\"font-weight: 400;\" aria-level=\"1\"><b>Descripci\u00f3n gr\u00e1fica\u00a0 paso a paso<\/b><span style=\"font-weight: 400;\"> para crear cada dise\u00f1o. (<\/span><b>patronaje<\/b><span style=\"font-weight: 400;\">)<\/span><\/li>\n<li style=\"font-weight: 400;\" aria-level=\"1\"><span style=\"font-weight: 400;\">El dibujo plano de cada modelo para ver cualquier detalle de la prenda.<\/span><\/li>\n<li style=\"font-weight: 400;\" aria-level=\"1\"><span style=\"font-weight: 400;\">El ebook contiene 8 hojas.<\/span><\/li>\n<li style=\"font-weight: 400;\" aria-level=\"1\"><span style=\"font-weight: 400;\">Documento en PDF |\u00a0 A4<\/span><\/li>\n<li style=\"font-weight: 400;\" aria-level=\"1\"><span style=\"font-weight: 400;\">Documento en Espa\u00f1ol<\/span><\/li>\n<\/ul>\n<p><b>El e-book contiene pocas palabras. El e-book visualmente lo puedes entender.<\/b><\/p>","protected":false},"featured_media":919,"comment_status":"open","ping_status":"closed","template":"","meta":[],"_links":{"self":[{"href":"https:\/\/patronfy.com\/en\/wp-json\/wp\/v2\/product\/917"}],"collection":[{"href":"https:\/\/patronfy.com\/en\/wp-json\/wp\/v2\/product"}],"about":[{"href":"https:\/\/patronfy.com\/en\/wp-json\/wp\/v2\/types\/product"}],"replies":[{"embeddable":true,"href":"https:\/\/patronfy.com\/en\/wp-json\/wp\/v2\/comments?post=917"}],"wp:featuredmedia":[{"embeddable":true,"href":"https:\/\/patronfy.com\/en\/wp-json\/wp\/v2\/media\/919"}],"wp:attachment":[{"href":"https:\/\/patronfy.com\/en\/wp-json\/wp\/v2\/media?parent=917"}],"curies":[{"name":"wp","href":"https:\/\/api.w.org\/{rel}","templated":true}]}}