{"id":741,"date":"2020-12-19T11:14:43","date_gmt":"2020-12-19T16:14:43","guid":{"rendered":"https:\/\/patronfy.com\/?post_type=product&#038;p=741"},"modified":"2022-11-28T17:49:24","modified_gmt":"2022-11-28T22:49:24","slug":"ebook-bb-b001","status":"publish","type":"product","link":"https:\/\/patronfy.com\/en\/product\/ebook-bb-b001\/","title":{"rendered":"eBook B001 Transformaciones Blusas Basic"},"content":{"rendered":"<p><span style=\"font-weight: 400;\">En <\/span><b>el e-book de transformaciones<\/b><span style=\"font-weight: 400;\"> aprender\u00e1s t\u00e9cnicas probadas de patronaje, para que las repliques en tus dise\u00f1os y empieces a crear prendas espectaculares y sin errores. El ebook lleva 10 dise\u00f1os lo cuales los puedes ver en la portada o en la siguiente imagen donde se muestra el dibujo plano de cada modelo.<\/span><\/p>\n<p>Para replicar estas transformaciones debes tener a la mano tu <strong>bloque<\/strong>\u00a0<strong>b\u00e1sico de cuerpo (corpi\u00f1o base)<\/strong> por que desde este patr\u00f3n partiremos todas las modificaciones. Es decir que al comprar este ebook <strong>ya debes haberte familiarizado con el patronaje<\/strong>.<\/p>","protected":false},"excerpt":{"rendered":"<p><span style=\"font-weight: 400;\">Este eBook es una\u00a0 gu\u00eda paso a paso de como hacer 10 transformaciones de patrones.\u00a0 De esta manera tendr\u00e1s en un solo documento<\/span><b>\u00a010 trasformaciones<\/b><span style=\"font-weight: 400;\"> de cuerpo base hasta la cintura para aplicarlos en tus creaciones.<\/span><\/p>\n<p><span style=\"font-weight: 400;\">El eBook contiene:<\/span><\/p>\n<ul>\n<li style=\"font-weight: 400;\" aria-level=\"1\"><span style=\"font-weight: 400;\">10 transformaciones de cuerpo base hasta la cintura. (Delantero)<\/span><\/li>\n<li style=\"font-weight: 400;\" aria-level=\"1\"><b>Descripci\u00f3n gr\u00e1fica\u00a0 paso a paso<\/b><span style=\"font-weight: 400;\"> para crear cada dise\u00f1o. (<\/span><b>patronaje<\/b><span style=\"font-weight: 400;\">)<\/span><\/li>\n<li style=\"font-weight: 400;\" aria-level=\"1\"><span style=\"font-weight: 400;\">Fotos reales de cada modelo incluye el dibujo plano de para ver cualquier detalle de la prenda.<\/span><\/li>\n<li style=\"font-weight: 400;\" aria-level=\"1\"><span style=\"font-weight: 400;\">El ebook contiene 36 hojas.<\/span><\/li>\n<li style=\"font-weight: 400;\" aria-level=\"1\"><span style=\"font-weight: 400;\">Documento en PDF |\u00a0 A4<\/span><\/li>\n<li>Documento en Espa\u00f1ol<\/li>\n<\/ul>\n<p><strong>El e-book contiene pocas palabras. El e-book visualmente lo puedes entender.<\/strong><\/p>","protected":false},"featured_media":879,"comment_status":"open","ping_status":"closed","template":"","meta":[],"_links":{"self":[{"href":"https:\/\/patronfy.com\/en\/wp-json\/wp\/v2\/product\/741"}],"collection":[{"href":"https:\/\/patronfy.com\/en\/wp-json\/wp\/v2\/product"}],"about":[{"href":"https:\/\/patronfy.com\/en\/wp-json\/wp\/v2\/types\/product"}],"replies":[{"embeddable":true,"href":"https:\/\/patronfy.com\/en\/wp-json\/wp\/v2\/comments?post=741"}],"wp:featuredmedia":[{"embeddable":true,"href":"https:\/\/patronfy.com\/en\/wp-json\/wp\/v2\/media\/879"}],"wp:attachment":[{"href":"https:\/\/patronfy.com\/en\/wp-json\/wp\/v2\/media?parent=741"}],"curies":[{"name":"wp","href":"https:\/\/api.w.org\/{rel}","templated":true}]}}