{"id":667,"date":"2020-12-16T17:06:57","date_gmt":"2020-12-16T22:06:57","guid":{"rendered":"https:\/\/patronfy.com\/?post_type=product&#038;p=667"},"modified":"2022-06-11T01:00:23","modified_gmt":"2022-06-11T06:00:23","slug":"30-disenos","status":"publish","type":"product","link":"https:\/\/patronfy.com\/en\/product\/30-disenos\/","title":{"rendered":"PDF | eBook 30 transformaciones"},"content":{"rendered":"<p>El eBook que se ha creado es una\u00a0 gu\u00eda r\u00e1pida de como hacer 30 patrones con una <b>descripci\u00f3n corta. <\/b>De esta manera tendr\u00e1s en un solo documento<b> 30 transformaciones<\/b> de cuerpo base hasta la cintura para aplicarlos en tus creaciones.<\/p>\n<p>Para replicar estas transformaciones debes tener a la mano tu <strong>bloque<\/strong>\u00a0<strong>b\u00e1sico de cuerpo (corpi\u00f1o base)<\/strong> por que desde este patr\u00f3n partiremos todas las modificaciones. Es decir que al comprar este ebook <strong>ya debes haberte familiarizado con el patronaje<\/strong>.<\/p>","protected":false},"excerpt":{"rendered":"<p>Este eBook es una\u00a0 gu\u00eda r\u00e1pida de como hacer 30 patrones con una <b>descripci\u00f3n corta. <\/b>De esta manera tendr\u00e1s en un solo documento<b> 30 transformaciones<\/b> de cuerpo base hasta la cintura para aplicarlos en tus creaciones.<\/p>\n<p>El eBook contiene:<\/p>\n<ul>\n<li>30 transformaciones de cuerpo base hasta la cintura. (Delantero)<\/li>\n<li>Tiene una breve introducci\u00f3n sobre el\u00a0 traslado de pinza para poder entender las transformaciones de los patrones.<\/li>\n<li>Posee una breve descripci\u00f3n de como hacer la pinza l\u00e1piz para que la apliques en las transformaciones.<\/li>\n<li>Cada patr\u00f3n lleva su descripci\u00f3n corta (Una hoja por cada Dise\u00f1o).<\/li>\n<li>El ebook contiene 39 hojas.<\/li>\n<li>Documento en PDF |\u00a0 A4<\/li>\n<\/ul>","protected":false},"featured_media":668,"comment_status":"open","ping_status":"closed","template":"","meta":[],"_links":{"self":[{"href":"https:\/\/patronfy.com\/en\/wp-json\/wp\/v2\/product\/667"}],"collection":[{"href":"https:\/\/patronfy.com\/en\/wp-json\/wp\/v2\/product"}],"about":[{"href":"https:\/\/patronfy.com\/en\/wp-json\/wp\/v2\/types\/product"}],"replies":[{"embeddable":true,"href":"https:\/\/patronfy.com\/en\/wp-json\/wp\/v2\/comments?post=667"}],"wp:featuredmedia":[{"embeddable":true,"href":"https:\/\/patronfy.com\/en\/wp-json\/wp\/v2\/media\/668"}],"wp:attachment":[{"href":"https:\/\/patronfy.com\/en\/wp-json\/wp\/v2\/media?parent=667"}],"curies":[{"name":"wp","href":"https:\/\/api.w.org\/{rel}","templated":true}]}}