{"id":587,"date":"2020-12-14T18:53:37","date_gmt":"2020-12-14T23:53:37","guid":{"rendered":"https:\/\/patronfy.com\/?post_type=product&#038;p=587"},"modified":"2022-05-31T03:24:29","modified_gmt":"2022-05-31T08:24:29","slug":"rp-pantalon","status":"publish","type":"product","link":"https:\/\/patronfy.com\/en\/product\/rp-pantalon\/","title":{"rendered":"PDF | eBook Bloque B\u00e1sico de Pantal\u00f3n"},"content":{"rendered":"<p><span style=\"font-weight: 400;\">Para la creaci\u00f3n del bloque b\u00e1sico de pantal\u00f3n ya debes haber creado alg\u00fan\u00a0 patr\u00f3n de ropa. Para esta secci\u00f3n se necesita que el patronista ya tenga bases de patronaje para que pueda entender m\u00e1s r\u00e1pido el procedimiento de la creaci\u00f3n del patr\u00f3n del pantal\u00f3n.\u00a0<\/span><\/p>\n<p>Este eBook es parte de la <strong><a href=\"https:\/\/patronfy.com\/en\/ruta\/\">Ruta del Patronista<\/a><\/strong><\/p>\n<p>&nbsp;<\/p>","protected":false},"excerpt":{"rendered":"<p><span style=\"font-weight: 400;\">Este eBook es una\u00a0 gu\u00eda de como construir el bloque b\u00e1sico de pantal\u00f3n<\/span><\/p>\n<p><span style=\"font-weight: 400;\">El eBook contiene:<\/span><\/p>\n<ul>\n<li style=\"font-weight: 400;\" aria-level=\"1\"><span style=\"font-weight: 400;\">Introducci\u00f3n del bloque b\u00e1sico de pantal\u00f3n<\/span><\/li>\n<li style=\"font-weight: 400;\" aria-level=\"1\"><span style=\"font-weight: 400;\">Partes del patr\u00f3n<\/span><\/li>\n<li style=\"font-weight: 400;\" aria-level=\"1\"><span style=\"font-weight: 400;\">Medidas\u00a0<\/span><\/li>\n<li style=\"font-weight: 400;\" aria-level=\"1\"><span style=\"font-weight: 400;\">Toma de medidas\u00a0<\/span><\/li>\n<li style=\"font-weight: 400;\" aria-level=\"1\"><span style=\"font-weight: 400;\">Patronaje del bloque b\u00e1sico de pantal\u00f3n paso a paso\u00a0<\/span><\/li>\n<li style=\"font-weight: 400;\" aria-level=\"1\"><span style=\"font-weight: 400;\">El eBook contiene 23 hojas.<\/span><\/li>\n<li style=\"font-weight: 400;\" aria-level=\"1\"><span style=\"font-weight: 400;\">Documento en PDF | A4<\/span><\/li>\n<\/ul>","protected":false},"featured_media":609,"comment_status":"open","ping_status":"closed","template":"","meta":[],"_links":{"self":[{"href":"https:\/\/patronfy.com\/en\/wp-json\/wp\/v2\/product\/587"}],"collection":[{"href":"https:\/\/patronfy.com\/en\/wp-json\/wp\/v2\/product"}],"about":[{"href":"https:\/\/patronfy.com\/en\/wp-json\/wp\/v2\/types\/product"}],"replies":[{"embeddable":true,"href":"https:\/\/patronfy.com\/en\/wp-json\/wp\/v2\/comments?post=587"}],"wp:featuredmedia":[{"embeddable":true,"href":"https:\/\/patronfy.com\/en\/wp-json\/wp\/v2\/media\/609"}],"wp:attachment":[{"href":"https:\/\/patronfy.com\/en\/wp-json\/wp\/v2\/media?parent=587"}],"curies":[{"name":"wp","href":"https:\/\/api.w.org\/{rel}","templated":true}]}}