{"id":488,"date":"2020-12-08T23:11:38","date_gmt":"2020-12-09T04:11:38","guid":{"rendered":"https:\/\/patronfy.com\/?post_type=product&#038;p=488"},"modified":"2024-07-02T07:38:19","modified_gmt":"2024-07-02T12:38:19","slug":"libreta-patronista","status":"publish","type":"product","link":"https:\/\/patronfy.com\/en\/product\/libreta-patronista\/","title":{"rendered":"PDF | Libreta del Patronista eBook"},"content":{"rendered":"<p>La libreta del patronista contiene:<\/p>\n<ul>\n<li>Figur\u00edn de moda hasta la cadera, \u00a0para qu\u00e9 puedes interpretar ah\u00ed tu dise\u00f1o.<\/li>\n<li>La lista de medidas, que se utiliza en las prendas superiores para que r\u00e1pidamente apuntes las medidas de tu modelo.<\/li>\n<li>Patr\u00f3n a 1\/5 escala del cuerpo base\u00a0 hasta la cintura, para que realices apuntes de patronaje y tener tus patrones a la mano en tu cuaderno, adem\u00e1s realices bocetos r\u00e1pidos de patronaje.<\/li>\n<li>Patr\u00f3n a 1\/5 escala del cuerpo base \u00a0hasta la cadera, para que realices apuntes de patronaje y tener tus patrones a la mano en tu cuaderno, adem\u00e1s realices bocetos r\u00e1pidos de patronaje.<\/li>\n<li>Patr\u00f3n a 1\/2 escala del cuerpo base hasta la cintura, para que realices pruebas de patronaje y confecci\u00f3n.<\/li>\n<li>Patr\u00f3n a \u2155 y \u00bd escala de la manga base.<\/li>\n<li>Esta libreta tiene 2 bonos ellos son la cinta m\u00e9trica a \u2155 escala y \u00bd escala.<\/li>\n<li>Formato PDF A4 (15 hojas).<\/li>\n<\/ul>","protected":false},"excerpt":{"rendered":"<p>Si est\u00e1s constantemente haciendo patrones de ropa o cada vez est\u00e1s aprendiendo\u00a0 cosas nuevas de patronaje esta libreta del patronista te servir\u00e1 para hacer\u00a0 tus dise\u00f1os y pruebas de patrones.<\/p>\n<p>La libreta del patronista contiene:<\/p>\n<ul>\n<li>Figur\u00edn de moda hasta la cadera.<\/li>\n<li>La lista de medidas.<\/li>\n<li>Patr\u00f3n a 1\/5 escala del cuerpo base\u00a0 hasta la cintura.<\/li>\n<li>Patr\u00f3n a 1\/5 escala del cuerpo base hasta la cadera.<\/li>\n<li>Patr\u00f3n a 1\/2 escala del cuerpo base hasta la cintura.<\/li>\n<li>Patr\u00f3n a \u2155 y \u00bd escala de la manga base.<\/li>\n<li>Esta libreta tiene 2 bonos ellos son la cinta m\u00e9trica a \u2155 escala y \u00bd escala.<\/li>\n<li>Formato PDF A4 (15 hojas).<\/li>\n<\/ul>","protected":false},"featured_media":489,"comment_status":"open","ping_status":"closed","template":"","meta":[],"_links":{"self":[{"href":"https:\/\/patronfy.com\/en\/wp-json\/wp\/v2\/product\/488"}],"collection":[{"href":"https:\/\/patronfy.com\/en\/wp-json\/wp\/v2\/product"}],"about":[{"href":"https:\/\/patronfy.com\/en\/wp-json\/wp\/v2\/types\/product"}],"replies":[{"embeddable":true,"href":"https:\/\/patronfy.com\/en\/wp-json\/wp\/v2\/comments?post=488"}],"wp:featuredmedia":[{"embeddable":true,"href":"https:\/\/patronfy.com\/en\/wp-json\/wp\/v2\/media\/489"}],"wp:attachment":[{"href":"https:\/\/patronfy.com\/en\/wp-json\/wp\/v2\/media?parent=488"}],"curies":[{"name":"wp","href":"https:\/\/api.w.org\/{rel}","templated":true}]}}