{"id":427,"date":"2020-12-08T19:02:10","date_gmt":"2020-12-09T00:02:10","guid":{"rendered":"https:\/\/patronfy.com\/?post_type=product&#038;p=427"},"modified":"2025-05-31T17:10:12","modified_gmt":"2025-05-31T22:10:12","slug":"rp-manga","status":"publish","type":"product","link":"https:\/\/patronfy.com\/en\/product\/rp-manga\/","title":{"rendered":"PDF | eBook Bloque B\u00e1sico de Manga"},"content":{"rendered":"<p>La manga como los dem\u00e1s patrones tiene sus t\u00e9cnicas al patronarla.\u00a0<strong>En el eBook del bloque b\u00e1sico de manga te ense\u00f1o paso a paso todos esos secretos para la construcci\u00f3n correcta de la\u00a0 manga.<\/strong><\/p>\n<p>Una vez que hayas dominado el primer patr\u00f3n (bloque b\u00e1sico de cuerpo), es fundamental que tengas a la mano el bloque b\u00e1sico de manga. Es muy com\u00fan que los patronistas que trabajen en prendas superiores tengan estos dos patrones a su disposici\u00f3n.<\/p>\n<p>Este eBook es parte de la <a href=\"https:\/\/silviatravez.com\/ruta\/\">Ruta del Patronista<\/a><\/p>","protected":false},"excerpt":{"rendered":"<p>Este eBook es una\u00a0 gu\u00eda paso a paso de como construir el bloque b\u00e1sico de manga.<\/p>\n<p>El eBook contiene:<\/p>\n<ul>\n<li>Introducci\u00f3n del bloque b\u00e1sico de manga.<\/li>\n<li>Partes del patr\u00f3n.<\/li>\n<li>Altura de la corona.<\/li>\n<li>Medidas.<\/li>\n<li>C\u00f3mo tomar las medidas<\/li>\n<li>Patronaje del bloque b\u00e1sico de Manga paso a paso<\/li>\n<li>El eBook contiene 10 hojas.<\/li>\n<li>Documento en PDF |\u00a0 A4<\/li>\n<\/ul>","protected":false},"featured_media":429,"comment_status":"open","ping_status":"closed","template":"","meta":[],"_links":{"self":[{"href":"https:\/\/patronfy.com\/en\/wp-json\/wp\/v2\/product\/427"}],"collection":[{"href":"https:\/\/patronfy.com\/en\/wp-json\/wp\/v2\/product"}],"about":[{"href":"https:\/\/patronfy.com\/en\/wp-json\/wp\/v2\/types\/product"}],"replies":[{"embeddable":true,"href":"https:\/\/patronfy.com\/en\/wp-json\/wp\/v2\/comments?post=427"}],"wp:featuredmedia":[{"embeddable":true,"href":"https:\/\/patronfy.com\/en\/wp-json\/wp\/v2\/media\/429"}],"wp:attachment":[{"href":"https:\/\/patronfy.com\/en\/wp-json\/wp\/v2\/media?parent=427"}],"curies":[{"name":"wp","href":"https:\/\/api.w.org\/{rel}","templated":true}]}}