{"id":1592,"date":"2021-09-06T16:11:32","date_gmt":"2021-09-06T21:11:32","guid":{"rendered":"https:\/\/patronfy.com\/?post_type=product&#038;p=1592"},"modified":"2022-05-04T10:43:34","modified_gmt":"2022-05-04T15:43:34","slug":"curso-top-veraniego","status":"publish","type":"product","link":"https:\/\/patronfy.com\/en\/product\/curso-top-veraniego\/","title":{"rendered":"Curso de Crop Top Veraniego Online"},"content":{"rendered":"<p><b>\u00bfQu\u00e9 aprender\u00e9?<\/b><\/p>\n<ul>\n<li>Realizar el corte de la copa.<\/li>\n<li>Elaborar las mangas bombachas y que queden bien justas en el hombro.<\/li>\n<li>Te ense\u00f1ar\u00e9 que tela debes utilizar para este tipo de dise\u00f1os.<\/li>\n<li>Como realizar la parte del cruce del centro delantero del dise\u00f1o.<\/li>\n<li>Calcular el el\u00e1stico para coser en cada pieza de la prenda.<\/li>\n<li>Como fruncir las piezas.<\/li>\n<li>Colocar los el\u00e1sticos en la prenda.<\/li>\n<li>Coser esta prenda con buenos acabados.<\/li>\n<\/ul>\n<p><strong>Aprende a tu ritmo.<\/strong>\u00a0Las lecciones de este curso est\u00e1n grabadas, para que lo puedas hacer a tu ritmo, cuando quieras y desde donde quieras. Tendr\u00e1s acceso al contenido de este curso durante un periodo de\u00a0<strong>6 meses desde el momento de la compra<\/strong>.<\/p>","protected":false},"excerpt":{"rendered":"<p>Descubre c\u00f3mo aprender a realizar el patronaje y la confecci\u00f3n de este dise\u00f1o de\u00a0 crop top que partes de este dise\u00f1o lo puedes adaptar a tus nuevas creaciones.<\/p>","protected":false},"featured_media":1593,"comment_status":"open","ping_status":"closed","template":"","meta":[],"_links":{"self":[{"href":"https:\/\/patronfy.com\/en\/wp-json\/wp\/v2\/product\/1592"}],"collection":[{"href":"https:\/\/patronfy.com\/en\/wp-json\/wp\/v2\/product"}],"about":[{"href":"https:\/\/patronfy.com\/en\/wp-json\/wp\/v2\/types\/product"}],"replies":[{"embeddable":true,"href":"https:\/\/patronfy.com\/en\/wp-json\/wp\/v2\/comments?post=1592"}],"wp:featuredmedia":[{"embeddable":true,"href":"https:\/\/patronfy.com\/en\/wp-json\/wp\/v2\/media\/1593"}],"wp:attachment":[{"href":"https:\/\/patronfy.com\/en\/wp-json\/wp\/v2\/media?parent=1592"}],"curies":[{"name":"wp","href":"https:\/\/api.w.org\/{rel}","templated":true}]}}