{"id":1488,"date":"2021-08-14T10:56:24","date_gmt":"2021-08-14T15:56:24","guid":{"rendered":"https:\/\/patronfy.com\/?post_type=product&#038;p=1488"},"modified":"2024-06-30T06:24:49","modified_gmt":"2024-06-30T11:24:49","slug":"curso-corset","status":"publish","type":"product","link":"https:\/\/patronfy.com\/en\/product\/curso-corset\/","title":{"rendered":"Curso de Corset Online"},"content":{"rendered":"<p><b>\u00bfQu\u00e9 aprender\u00e9?<\/b><\/p>\n<ul>\n<li aria-level=\"1\">Realizar un patr\u00f3n de corset hasta la cintura<\/li>\n<li aria-level=\"1\">Vas a conocer los materiales necesarios para confeccionar un corset<\/li>\n<li aria-level=\"1\">C\u00f3mo entretelar un corset<\/li>\n<li aria-level=\"1\">C\u00f3mo colocar las varillas<\/li>\n<li aria-level=\"1\">C\u00f3mo crear la apertura entrelazada de la espalda.<\/li>\n<\/ul>\n<p><strong>Aprende a tu ritmo.<\/strong>\u00a0Las lecciones de este curso est\u00e1n grabadas, para que lo puedas hacer a tu ritmo, cuando quieras y desde donde quieras. Tendr\u00e1s acceso al contenido de este curso durante un periodo de <strong>6 meses desde el momento de la compra<\/strong>.<\/p>","protected":false},"excerpt":{"rendered":"<p>Descubre c\u00f3mo dominar r\u00e1pidamente el patronaje y la confecci\u00f3n de un corset hasta la cintura como todo un profesional<\/p>\n<p class=\"elementor-heading-title elementor-size-default\">Todo esto ser\u00e1 tuyo<\/p>\n<ul>\n<li aria-level=\"1\"><strong>Curso del Corset Online<\/strong><\/li>\n<li aria-level=\"1\"><strong>Bonus 1:<\/strong>\u00a0\u00a0PDF\u00a0Patr\u00f3n Bustier<b>\u00a0\u00a0<\/b><\/li>\n<li aria-level=\"1\"><strong>Bonus 2:<\/strong>\u00a0\u00a0PDF\u00a0Patr\u00f3n Corset Belt<b>\u00a0<\/b><\/li>\n<\/ul>","protected":false},"featured_media":1518,"comment_status":"open","ping_status":"closed","template":"","meta":[],"_links":{"self":[{"href":"https:\/\/patronfy.com\/en\/wp-json\/wp\/v2\/product\/1488"}],"collection":[{"href":"https:\/\/patronfy.com\/en\/wp-json\/wp\/v2\/product"}],"about":[{"href":"https:\/\/patronfy.com\/en\/wp-json\/wp\/v2\/types\/product"}],"replies":[{"embeddable":true,"href":"https:\/\/patronfy.com\/en\/wp-json\/wp\/v2\/comments?post=1488"}],"wp:featuredmedia":[{"embeddable":true,"href":"https:\/\/patronfy.com\/en\/wp-json\/wp\/v2\/media\/1518"}],"wp:attachment":[{"href":"https:\/\/patronfy.com\/en\/wp-json\/wp\/v2\/media?parent=1488"}],"curies":[{"name":"wp","href":"https:\/\/api.w.org\/{rel}","templated":true}]}}