{"id":1420,"date":"2021-08-02T14:44:53","date_gmt":"2021-08-02T19:44:53","guid":{"rendered":"https:\/\/patronfy.com\/?post_type=product&#038;p=1420"},"modified":"2021-08-11T20:43:54","modified_gmt":"2021-08-12T01:43:54","slug":"curso-drapeado","status":"publish","type":"product","link":"https:\/\/patronfy.com\/en\/product\/curso-drapeado\/","title":{"rendered":"Curso Drapeado"},"content":{"rendered":"","protected":false},"excerpt":{"rendered":"<p>T\u00e9cnica de patronaje vers\u00e1til para que lo utilices en tus proyectos de Dise\u00f1o.<\/p>\n<p>T\u00e9cnica utilizada por un mont\u00f3n de dise\u00f1adores de moda.<\/p>\n<p>Drapeado inspirado en Pattern Magic.<\/p>","protected":false},"featured_media":577,"comment_status":"open","ping_status":"closed","template":"","meta":[],"_links":{"self":[{"href":"https:\/\/patronfy.com\/en\/wp-json\/wp\/v2\/product\/1420"}],"collection":[{"href":"https:\/\/patronfy.com\/en\/wp-json\/wp\/v2\/product"}],"about":[{"href":"https:\/\/patronfy.com\/en\/wp-json\/wp\/v2\/types\/product"}],"replies":[{"embeddable":true,"href":"https:\/\/patronfy.com\/en\/wp-json\/wp\/v2\/comments?post=1420"}],"wp:featuredmedia":[{"embeddable":true,"href":"https:\/\/patronfy.com\/en\/wp-json\/wp\/v2\/media\/577"}],"wp:attachment":[{"href":"https:\/\/patronfy.com\/en\/wp-json\/wp\/v2\/media?parent=1420"}],"curies":[{"name":"wp","href":"https:\/\/api.w.org\/{rel}","templated":true}]}}