{"id":1195,"date":"2021-03-16T11:40:50","date_gmt":"2021-03-16T16:40:50","guid":{"rendered":"https:\/\/patronfy.com\/?post_type=product&#038;p=1195"},"modified":"2025-04-13T16:07:57","modified_gmt":"2025-04-13T21:07:57","slug":"ebook-bustier","status":"publish","type":"product","link":"https:\/\/patronfy.com\/en\/product\/ebook-bustier\/","title":{"rendered":"PDF | eBook Patronaje del Bustier | Libro Digital"},"content":{"rendered":"<p>El e-book contiene un m\u00e9todo de patronaje probado para que puedas crear\u00a0 tu bustier. El bustier es una prenda muy vers\u00e1til que lo puedes utilizar en tus diferentes colecciones de moda. Adem\u00e1s al comprar este e-book tendr\u00e1s acceso a un video tutorial\u00a0 de la confecci\u00f3n del bustier.<\/p>\n<p>Para replicar esta transformaci\u00f3n debes tener a la mano tu <strong>bloque<\/strong>\u00a0<strong>b\u00e1sico de cuerpo (corpi\u00f1o base)<\/strong> por que desde este patr\u00f3n partiremos la \u00a0modificaci\u00f3n. Es decir que al comprar este ebook <strong>ya debes haberte familiarizado con el patronaje<\/strong>.<\/p>","protected":false},"excerpt":{"rendered":"<p>Este eBook es una\u00a0 gu\u00eda paso a paso del Patronaje del Bustier<\/p>\n<p>El eBook contiene:<\/p>\n<ul>\n<li aria-level=\"1\">Base del Bustier<\/li>\n<li aria-level=\"1\">Medidas adicionales para el bustier<\/li>\n<li aria-level=\"1\">Medidas de referencia para el bustier<\/li>\n<li aria-level=\"1\">Preparaci\u00f3n del Bloque B\u00e1sico de Cuerpo<\/li>\n<li aria-level=\"1\">Patronaje(Delantero)<\/li>\n<li aria-level=\"1\">Patronaje (Espalda)<\/li>\n<li aria-level=\"1\">Fase de correcci\u00f3n<\/li>\n<li aria-level=\"1\">Moldes Cortados y Listos<\/li>\n<li aria-level=\"1\">Hablemos de las costuras<\/li>\n<li aria-level=\"1\">Prototipo terminado<\/li>\n<li aria-level=\"1\">El eBook contiene 17 hojas.<\/li>\n<li aria-level=\"1\">Documento en PDF |\u00a0 A4<\/li>\n<li aria-level=\"1\">Acceso a un video tutorial\u00a0 de la confecci\u00f3n del bustier<\/li>\n<\/ul>","protected":false},"featured_media":1204,"comment_status":"open","ping_status":"closed","template":"","meta":[],"_links":{"self":[{"href":"https:\/\/patronfy.com\/en\/wp-json\/wp\/v2\/product\/1195"}],"collection":[{"href":"https:\/\/patronfy.com\/en\/wp-json\/wp\/v2\/product"}],"about":[{"href":"https:\/\/patronfy.com\/en\/wp-json\/wp\/v2\/types\/product"}],"replies":[{"embeddable":true,"href":"https:\/\/patronfy.com\/en\/wp-json\/wp\/v2\/comments?post=1195"}],"wp:featuredmedia":[{"embeddable":true,"href":"https:\/\/patronfy.com\/en\/wp-json\/wp\/v2\/media\/1204"}],"wp:attachment":[{"href":"https:\/\/patronfy.com\/en\/wp-json\/wp\/v2\/media?parent=1195"}],"curies":[{"name":"wp","href":"https:\/\/api.w.org\/{rel}","templated":true}]}}