{"id":576,"date":"2020-12-14T11:37:50","date_gmt":"2020-12-14T16:37:50","guid":{"rendered":"https:\/\/patronfy.com\/?page_id=576"},"modified":"2021-08-02T14:19:26","modified_gmt":"2021-08-02T19:19:26","slug":"cursogratis-drapeado-pv","status":"publish","type":"page","link":"https:\/\/patronfy.com\/en\/cursogratis-drapeado-pv\/","title":{"rendered":"Curso Online Drapeado Gratis"},"content":{"rendered":"<div class=\"wp-block-columns\">\n<div class=\"wp-block-column\" style=\"flex-basis:25%\"><\/div>\n\n\n\n<div class=\"wp-block-column\" style=\"flex-basis:50%\">\n<figure class=\"wp-block-image size-large\"><img loading=\"lazy\" width=\"940\" height=\"788\" src=\"https:\/\/patronfy.com\/wp-content\/uploads\/2020\/12\/img-cursodrapeado.png\" alt=\"\" class=\"wp-image-577\" srcset=\"https:\/\/patronfy.com\/wp-content\/uploads\/2020\/12\/img-cursodrapeado.png 940w, https:\/\/patronfy.com\/wp-content\/uploads\/2020\/12\/img-cursodrapeado-300x251.png 300w, https:\/\/patronfy.com\/wp-content\/uploads\/2020\/12\/img-cursodrapeado-768x644.png 768w, https:\/\/patronfy.com\/wp-content\/uploads\/2020\/12\/img-cursodrapeado-600x503.png 600w\" sizes=\"(max-width: 940px) 100vw, 940px\" \/><\/figure>\n<\/div>\n\n\n\n<div class=\"wp-block-column\" style=\"flex-basis:25%\"><\/div>\n<\/div>\n\n\n\n<h2 class=\"has-text-align-center has-vivid-red-color has-text-color\">\u00bfC\u00f3mo hacer Drapeados tipo nudo? Aprende esta t\u00e9cnica de patronaje de forma f\u00e1cil y r\u00e1pida<\/h2>\n\n\n<script type=\"text\/javascript\" src=\"https:\/\/static.mailerlite.com\/data\/webforms\/3192898\/b8n7f6.js?v=1777600683\"><\/script>\n\n\n\n\n<hr class=\"wp-block-separator\"\/>\n\n\n\n<div class=\"wp-block-columns\">\n<div class=\"wp-block-column\">\n<h3>Curso Gratis M\u00e9todo 100 % OnLine<\/h3>\n\n\n\n<hr class=\"wp-block-separator\"\/>\n\n\n\n<h3>T\u00e9cnica de patronaje vers\u00e1til para que lo utilices en tus proyectos de Dise\u00f1o<\/h3>\n\n\n\n<hr class=\"wp-block-separator\"\/>\n<\/div>\n\n\n\n<div class=\"wp-block-column\">\n<h3>T\u00e9cnica utilizada por un mont\u00f3n de dise\u00f1adores de moda<\/h3>\n\n\n\n<hr class=\"wp-block-separator\"\/>\n\n\n\n<h3>Drapeado inspirado en Pattern Magic<\/h3>\n\n\n\n<hr class=\"wp-block-separator\"\/>\n<\/div>\n<\/div>\n\n\n\n<hr class=\"wp-block-separator\"\/>\n\n\n\n<p><\/p>","protected":false},"excerpt":{"rendered":"<p>\u00bfC\u00f3mo hacer Drapeados tipo nudo? Aprende esta t\u00e9cnica de patronaje de forma f\u00e1cil y r\u00e1pida Curso Gratis M\u00e9todo 100 % OnLine T\u00e9cnica de patronaje vers\u00e1til para que lo utilices en tus proyectos de Dise\u00f1o T\u00e9cnica utilizada por un mont\u00f3n de dise\u00f1adores de moda Drapeado inspirado en Pattern Magic<\/p>","protected":false},"author":1,"featured_media":0,"parent":0,"menu_order":0,"comment_status":"closed","ping_status":"closed","template":"","meta":[],"_links":{"self":[{"href":"https:\/\/patronfy.com\/en\/wp-json\/wp\/v2\/pages\/576"}],"collection":[{"href":"https:\/\/patronfy.com\/en\/wp-json\/wp\/v2\/pages"}],"about":[{"href":"https:\/\/patronfy.com\/en\/wp-json\/wp\/v2\/types\/page"}],"author":[{"embeddable":true,"href":"https:\/\/patronfy.com\/en\/wp-json\/wp\/v2\/users\/1"}],"replies":[{"embeddable":true,"href":"https:\/\/patronfy.com\/en\/wp-json\/wp\/v2\/comments?post=576"}],"version-history":[{"count":5,"href":"https:\/\/patronfy.com\/en\/wp-json\/wp\/v2\/pages\/576\/revisions"}],"predecessor-version":[{"id":1415,"href":"https:\/\/patronfy.com\/en\/wp-json\/wp\/v2\/pages\/576\/revisions\/1415"}],"wp:attachment":[{"href":"https:\/\/patronfy.com\/en\/wp-json\/wp\/v2\/media?parent=576"}],"curies":[{"name":"wp","href":"https:\/\/api.w.org\/{rel}","templated":true}]}}