{"id":566,"date":"2020-12-12T15:06:11","date_gmt":"2020-12-12T20:06:11","guid":{"rendered":"https:\/\/patronfy.com\/?page_id=566"},"modified":"2020-12-12T15:06:12","modified_gmt":"2020-12-12T20:06:12","slug":"curso-gratis-drapeado","status":"publish","type":"page","link":"https:\/\/patronfy.com\/en\/curso-gratis-drapeado\/","title":{"rendered":"\u00bfC\u00f3mo hacer Drapeados tipo nudo ? Aprende esta t\u00e9cnica de patronaje de forma f\u00e1cil y r\u00e1pida."},"content":{"rendered":"<p>En este Curso Gratuito aprender\u00e1s como hacer este tipo de Drapeados tipo nudo que he tomado como inspiraci\u00f3n de los famosos libros de patronaje (Pattern Magic).\u00a0<\/p>\n\n\n\n<p>Es una t\u00e9cnica utilizada por un mont\u00f3n de dise\u00f1adores de moda, ya que es muy vers\u00e1til para usarlos en diferentes estilos.<\/p>\n\n\n\n<figure class=\"wp-block-embed-youtube wp-block-embed is-type-video is-provider-youtube wp-embed-aspect-16-9 wp-has-aspect-ratio\"><div class=\"wp-block-embed__wrapper\">\n<div class=\"ast-oembed-container\"><iframe loading=\"lazy\" title=\"Curso Gratuito Drapeado tipo nudo | Pattern Magic\" width=\"500\" height=\"281\" src=\"https:\/\/www.youtube.com\/embed\/zsES73QlhNQ?feature=oembed\" frameborder=\"0\" allow=\"accelerometer; autoplay; clipboard-write; encrypted-media; gyroscope; picture-in-picture\" allowfullscreen><\/iframe><\/div>\n<\/div><\/figure>\n\n\n\n<p class=\"has-text-align-center has-medium-font-size\"><strong>\u00bfDeseas ampliar tu conocimiento en patronaje?<\/strong>\u00a0<\/p>\n\n\n\n<p class=\"has-text-align-center has-medium-font-size\">He creado la ruta del patronista que te ayudar\u00e1 a crear patrones de ropa sin complicaciones.<\/p>\n\n\n\n<div class=\"wp-block-buttons aligncenter\">\n<div class=\"wp-block-button\"><a class=\"wp-block-button__link\">IR A LA RUTA DEL PATRONISTA<\/a><\/div>\n<\/div>","protected":false},"excerpt":{"rendered":"<p>En este Curso Gratuito aprender\u00e1s como hacer este tipo de Drapeados tipo nudo que he tomado como inspiraci\u00f3n de los famosos libros de patronaje (Pattern Magic).\u00a0 Es una t\u00e9cnica utilizada por un mont\u00f3n de dise\u00f1adores de moda, ya que es muy vers\u00e1til para usarlos en diferentes estilos. \u00bfDeseas ampliar tu conocimiento en patronaje?\u00a0 He creado &hellip;<\/p>\n<p class=\"read-more\"> <a class=\"\" href=\"https:\/\/patronfy.com\/en\/curso-gratis-drapeado\/\"> <span class=\"screen-reader-text\">\u00bfC\u00f3mo hacer Drapeados tipo nudo ? Aprende esta t\u00e9cnica de patronaje de forma f\u00e1cil y r\u00e1pida.<\/span> Read More &raquo;<\/a><\/p>","protected":false},"author":1,"featured_media":0,"parent":0,"menu_order":0,"comment_status":"closed","ping_status":"closed","template":"","meta":[],"_links":{"self":[{"href":"https:\/\/patronfy.com\/en\/wp-json\/wp\/v2\/pages\/566"}],"collection":[{"href":"https:\/\/patronfy.com\/en\/wp-json\/wp\/v2\/pages"}],"about":[{"href":"https:\/\/patronfy.com\/en\/wp-json\/wp\/v2\/types\/page"}],"author":[{"embeddable":true,"href":"https:\/\/patronfy.com\/en\/wp-json\/wp\/v2\/users\/1"}],"replies":[{"embeddable":true,"href":"https:\/\/patronfy.com\/en\/wp-json\/wp\/v2\/comments?post=566"}],"version-history":[{"count":2,"href":"https:\/\/patronfy.com\/en\/wp-json\/wp\/v2\/pages\/566\/revisions"}],"predecessor-version":[{"id":568,"href":"https:\/\/patronfy.com\/en\/wp-json\/wp\/v2\/pages\/566\/revisions\/568"}],"wp:attachment":[{"href":"https:\/\/patronfy.com\/en\/wp-json\/wp\/v2\/media?parent=566"}],"curies":[{"name":"wp","href":"https:\/\/api.w.org\/{rel}","templated":true}]}}