{"id":437,"date":"2020-12-08T21:12:34","date_gmt":"2020-12-09T02:12:34","guid":{"rendered":"https:\/\/patronfy.com\/?page_id=437"},"modified":"2021-02-28T11:18:41","modified_gmt":"2021-02-28T16:18:41","slug":"ruta-ant","status":"publish","type":"page","link":"https:\/\/patronfy.com\/en\/ruta-ant\/","title":{"rendered":"ruta-ant"},"content":{"rendered":"<div data-elementor-type=\"wp-page\" data-elementor-id=\"437\" class=\"elementor elementor-437\" data-elementor-settings=\"[]\">\n\t\t\t\t\t\t<div class=\"elementor-inner\">\n\t\t\t\t\t\t\t<div class=\"elementor-section-wrap\">\n\t\t\t\t\t\t\t<section class=\"elementor-section elementor-top-section elementor-element elementor-element-2e84dcf elementor-section-boxed elementor-section-height-default elementor-section-height-default\" data-id=\"2e84dcf\" data-element_type=\"section\" data-settings=\"{&quot;background_background&quot;:&quot;gradient&quot;}\">\n\t\t\t\t\t\t<div class=\"elementor-container elementor-column-gap-default\">\n\t\t\t\t\t\t\t<div class=\"elementor-row\">\n\t\t\t\t\t<div class=\"elementor-column elementor-col-66 elementor-top-column elementor-element elementor-element-125a981\" data-id=\"125a981\" data-element_type=\"column\">\n\t\t\t<div class=\"elementor-column-wrap elementor-element-populated\">\n\t\t\t\t\t\t\t<div class=\"elementor-widget-wrap\">\n\t\t\t\t\t\t<div class=\"elementor-element elementor-element-e5c7ba4 elementor-widget elementor-widget-heading\" data-id=\"e5c7ba4\" data-element_type=\"widget\" data-widget_type=\"heading.default\">\n\t\t\t\t<div class=\"elementor-widget-container\">\n\t\t\t<h2 class=\"elementor-heading-title elementor-size-default\">La Ruta del Patronista<\/h2>\t\t<\/div>\n\t\t\t\t<\/div>\n\t\t\t\t<div class=\"elementor-element elementor-element-031c855 elementor-widget elementor-widget-text-editor\" data-id=\"031c855\" data-element_type=\"widget\" data-widget_type=\"text-editor.default\">\n\t\t\t\t<div class=\"elementor-widget-container\">\n\t\t\t\t\t\t\t\t<div class=\"elementor-text-editor elementor-clearfix\">\n\t\t\t\t\t<p><strong>\u00bfDeseas ampliar tu conocimiento en patronaje, pero no sabes por d\u00f3nde empezar?<\/strong> He creado la ruta del patronista que te ayudar\u00e1 a crear patrones de ropa sin complicaciones. De seguro si est\u00e1s aqu\u00ed es porque deseas trabajar en el mundo de la moda como dise\u00f1ador patronista o deseas ponerte tu propia marca de ropa.<\/p><p><strong>El objetivo de la ruta del patronista<\/strong> es que domines la creaci\u00f3n de patrones\u00a0 siguiendo una sola metodolog\u00eda.<\/p><p>Para seguir la ruta del patronista lo ideal es que ya est\u00e9s involucrado en el mundo de patrones y costura. <strong>Cada tema de la ruta del patronista la he plasmado en un eBook donde te guio paso a paso.<\/strong><\/p>\t\t\t\t\t<\/div>\n\t\t\t\t\t\t<\/div>\n\t\t\t\t<\/div>\n\t\t\t\t\t\t<\/div>\n\t\t\t\t\t<\/div>\n\t\t<\/div>\n\t\t\t\t<div class=\"elementor-column elementor-col-33 elementor-top-column elementor-element elementor-element-fc265a5\" data-id=\"fc265a5\" data-element_type=\"column\">\n\t\t\t<div class=\"elementor-column-wrap elementor-element-populated\">\n\t\t\t\t\t\t\t<div class=\"elementor-widget-wrap\">\n\t\t\t\t\t\t<div class=\"elementor-element elementor-element-4209fd7 elementor-widget elementor-widget-image\" data-id=\"4209fd7\" data-element_type=\"widget\" data-widget_type=\"image.default\">\n\t\t\t\t<div class=\"elementor-widget-container\">\n\t\t\t\t\t\t\t\t<div class=\"elementor-image\">\n\t\t\t\t\t\t\t\t\t\t\t\t<img width=\"1024\" height=\"1024\" src=\"https:\/\/patronfy.com\/wp-content\/uploads\/2020\/12\/img-ruta-rojo-1024x1024.jpg\" class=\"attachment-large size-large\" alt=\"\" loading=\"lazy\" srcset=\"https:\/\/patronfy.com\/wp-content\/uploads\/2020\/12\/img-ruta-rojo-1024x1024.jpg 1024w, https:\/\/patronfy.com\/wp-content\/uploads\/2020\/12\/img-ruta-rojo-300x300.jpg 300w, https:\/\/patronfy.com\/wp-content\/uploads\/2020\/12\/img-ruta-rojo-150x150.jpg 150w, https:\/\/patronfy.com\/wp-content\/uploads\/2020\/12\/img-ruta-rojo-768x768.jpg 768w, https:\/\/patronfy.com\/wp-content\/uploads\/2020\/12\/img-ruta-rojo-600x600.jpg 600w, https:\/\/patronfy.com\/wp-content\/uploads\/2020\/12\/img-ruta-rojo-100x100.jpg 100w, https:\/\/patronfy.com\/wp-content\/uploads\/2020\/12\/img-ruta-rojo.jpg 1080w\" sizes=\"(max-width: 1024px) 100vw, 1024px\" \/>\t\t\t\t\t\t\t\t\t\t\t\t\t\t<\/div>\n\t\t\t\t\t\t<\/div>\n\t\t\t\t<\/div>\n\t\t\t\t\t\t<\/div>\n\t\t\t\t\t<\/div>\n\t\t<\/div>\n\t\t\t\t\t\t\t\t<\/div>\n\t\t\t\t\t<\/div>\n\t\t<\/section>\n\t\t\t\t<section class=\"elementor-section elementor-top-section elementor-element elementor-element-fb83e5d elementor-section-boxed elementor-section-height-default elementor-section-height-default\" data-id=\"fb83e5d\" data-element_type=\"section\">\n\t\t\t\t\t\t<div class=\"elementor-container elementor-column-gap-default\">\n\t\t\t\t\t\t\t<div class=\"elementor-row\">\n\t\t\t\t\t<div class=\"elementor-column elementor-col-100 elementor-top-column elementor-element elementor-element-06b2e6e\" data-id=\"06b2e6e\" data-element_type=\"column\">\n\t\t\t<div class=\"elementor-column-wrap elementor-element-populated\">\n\t\t\t\t\t\t\t<div class=\"elementor-widget-wrap\">\n\t\t\t\t\t\t<div class=\"elementor-element elementor-element-b136c9a elementor-widget elementor-widget-heading\" data-id=\"b136c9a\" data-element_type=\"widget\" data-widget_type=\"heading.default\">\n\t\t\t\t<div class=\"elementor-widget-container\">\n\t\t\t<h4 class=\"elementor-heading-title elementor-size-default\">La Ruta del Patronista<\/h4>\t\t<\/div>\n\t\t\t\t<\/div>\n\t\t\t\t<div class=\"elementor-element elementor-element-bf758e8 elementor-widget elementor-widget-image\" data-id=\"bf758e8\" data-element_type=\"widget\" data-widget_type=\"image.default\">\n\t\t\t\t<div class=\"elementor-widget-container\">\n\t\t\t\t\t\t\t\t<div class=\"elementor-image\">\n\t\t\t\t\t\t\t\t\t\t\t\t<img width=\"812\" height=\"255\" src=\"https:\/\/patronfy.com\/wp-content\/uploads\/2020\/12\/img-rutafinal.png\" class=\"attachment-large size-large\" alt=\"\" loading=\"lazy\" srcset=\"https:\/\/patronfy.com\/wp-content\/uploads\/2020\/12\/img-rutafinal.png 812w, https:\/\/patronfy.com\/wp-content\/uploads\/2020\/12\/img-rutafinal-300x94.png 300w, https:\/\/patronfy.com\/wp-content\/uploads\/2020\/12\/img-rutafinal-768x241.png 768w, https:\/\/patronfy.com\/wp-content\/uploads\/2020\/12\/img-rutafinal-600x188.png 600w\" sizes=\"(max-width: 812px) 100vw, 812px\" \/>\t\t\t\t\t\t\t\t\t\t\t\t\t\t<\/div>\n\t\t\t\t\t\t<\/div>\n\t\t\t\t<\/div>\n\t\t\t\t<div class=\"elementor-element elementor-element-ecb4042 elementor-widget-divider--view-line elementor-widget elementor-widget-divider\" data-id=\"ecb4042\" data-element_type=\"widget\" data-widget_type=\"divider.default\">\n\t\t\t\t<div class=\"elementor-widget-container\">\n\t\t\t\t\t<div class=\"elementor-divider\">\n\t\t\t<span class=\"elementor-divider-separator\">\n\t\t\t\t\t\t<\/span>\n\t\t<\/div>\n\t\t\t\t<\/div>\n\t\t\t\t<\/div>\n\t\t\t\t\t\t<\/div>\n\t\t\t\t\t<\/div>\n\t\t<\/div>\n\t\t\t\t\t\t\t\t<\/div>\n\t\t\t\t\t<\/div>\n\t\t<\/section>\n\t\t\t\t<section class=\"elementor-section elementor-top-section elementor-element elementor-element-3b28a35 elementor-section-boxed elementor-section-height-default elementor-section-height-default\" data-id=\"3b28a35\" data-element_type=\"section\">\n\t\t\t\t\t\t<div class=\"elementor-container elementor-column-gap-default\">\n\t\t\t\t\t\t\t<div class=\"elementor-row\">\n\t\t\t\t\t<div class=\"elementor-column elementor-col-33 elementor-top-column elementor-element elementor-element-cc3908d\" data-id=\"cc3908d\" data-element_type=\"column\">\n\t\t\t<div class=\"elementor-column-wrap elementor-element-populated\">\n\t\t\t\t\t\t\t<div class=\"elementor-widget-wrap\">\n\t\t\t\t\t\t<div class=\"elementor-element elementor-element-369cf0a elementor-widget elementor-widget-image\" data-id=\"369cf0a\" data-element_type=\"widget\" data-widget_type=\"image.default\">\n\t\t\t\t<div class=\"elementor-widget-container\">\n\t\t\t\t\t\t\t\t<div class=\"elementor-image\">\n\t\t\t\t\t\t\t\t\t\t\t\t<img width=\"199\" height=\"199\" src=\"https:\/\/patronfy.com\/wp-content\/uploads\/2020\/12\/rp-cuerpo.png\" class=\"attachment-large size-large\" alt=\"\" loading=\"lazy\" srcset=\"https:\/\/patronfy.com\/wp-content\/uploads\/2020\/12\/rp-cuerpo.png 199w, https:\/\/patronfy.com\/wp-content\/uploads\/2020\/12\/rp-cuerpo-150x150.png 150w, https:\/\/patronfy.com\/wp-content\/uploads\/2020\/12\/rp-cuerpo-100x100.png 100w\" sizes=\"(max-width: 199px) 100vw, 199px\" \/>\t\t\t\t\t\t\t\t\t\t\t\t\t\t<\/div>\n\t\t\t\t\t\t<\/div>\n\t\t\t\t<\/div>\n\t\t\t\t<div class=\"elementor-element elementor-element-b4b85d9 elementor-widget elementor-widget-heading\" data-id=\"b4b85d9\" data-element_type=\"widget\" data-widget_type=\"heading.default\">\n\t\t\t\t<div class=\"elementor-widget-container\">\n\t\t\t<p class=\"elementor-heading-title elementor-size-default\">DISPONIBLE<\/p>\t\t<\/div>\n\t\t\t\t<\/div>\n\t\t\t\t\t\t<\/div>\n\t\t\t\t\t<\/div>\n\t\t<\/div>\n\t\t\t\t<div class=\"elementor-column elementor-col-66 elementor-top-column elementor-element elementor-element-a838d8b\" data-id=\"a838d8b\" data-element_type=\"column\">\n\t\t\t<div class=\"elementor-column-wrap elementor-element-populated\">\n\t\t\t\t\t\t\t<div class=\"elementor-widget-wrap\">\n\t\t\t\t\t\t<div class=\"elementor-element elementor-element-4d2547c elementor-widget elementor-widget-heading\" data-id=\"4d2547c\" data-element_type=\"widget\" data-widget_type=\"heading.default\">\n\t\t\t\t<div class=\"elementor-widget-container\">\n\t\t\t<h2 class=\"elementor-heading-title elementor-size-default\">1. Patrones Bases<\/h2>\t\t<\/div>\n\t\t\t\t<\/div>\n\t\t\t\t<div class=\"elementor-element elementor-element-9bdef20 elementor-widget elementor-widget-text-editor\" data-id=\"9bdef20\" data-element_type=\"widget\" data-widget_type=\"text-editor.default\">\n\t\t\t\t<div class=\"elementor-widget-container\">\n\t\t\t\t\t\t\t\t<div class=\"elementor-text-editor elementor-clearfix\">\n\t\t\t\t\t<p><b>Tienes excelentes ideas al momento de dise\u00f1ar,<\/b><span style=\"font-weight: 400;\"> pero te hace falta pasarlas a la vida real y no sabes por d\u00f3nde empezar, necesitas un camino al cual seguir. Dentro de la ruta del patronista este es la primera secci\u00f3n que debes aprender, los bloques b\u00e1sicos. \u00a0<\/span><b>Mediante e-books te ense\u00f1o paso a paso c\u00f3mo hacer los bloques b\u00e1sicos.<\/b><\/p><p>Si practicas una y otra vez el procedimiento que detallo en cada e-books para crear cada patr\u00f3n <strong>podr\u00e1s dominar c\u00f3mo hacer los bloques b\u00e1sicos,<\/strong> y as\u00ed, los dem\u00e1s patrones ser\u00e1n m\u00e1s f\u00e1ciles de entender.\u00a0<\/p>\t\t\t\t\t<\/div>\n\t\t\t\t\t\t<\/div>\n\t\t\t\t<\/div>\n\t\t\t\t<div class=\"elementor-element elementor-element-fe7e451 elementor-widget elementor-widget-button\" data-id=\"fe7e451\" data-element_type=\"widget\" data-widget_type=\"button.default\">\n\t\t\t\t<div class=\"elementor-widget-container\">\n\t\t\t\t\t<div class=\"elementor-button-wrapper\">\n\t\t\t<a href=\"https:\/\/patronfy.com\/en\/ruta-base\/\" class=\"elementor-button-link elementor-button elementor-size-sm\" role=\"button\">\n\t\t\t\t\t\t<span class=\"elementor-button-content-wrapper\">\n\t\t\t\t\t\t<span class=\"elementor-button-text\">SI QUIERO APRENDER<\/span>\n\t\t<\/span>\n\t\t\t\t\t<\/a>\n\t\t<\/div>\n\t\t\t\t<\/div>\n\t\t\t\t<\/div>\n\t\t\t\t\t\t<\/div>\n\t\t\t\t\t<\/div>\n\t\t<\/div>\n\t\t\t\t\t\t\t\t<\/div>\n\t\t\t\t\t<\/div>\n\t\t<\/section>\n\t\t\t\t<section class=\"elementor-section elementor-top-section elementor-element elementor-element-bb5caea elementor-section-boxed elementor-section-height-default elementor-section-height-default\" data-id=\"bb5caea\" data-element_type=\"section\">\n\t\t\t\t\t\t<div class=\"elementor-container elementor-column-gap-default\">\n\t\t\t\t\t\t\t<div class=\"elementor-row\">\n\t\t\t\t\t<div class=\"elementor-column elementor-col-100 elementor-top-column elementor-element elementor-element-1963c29\" data-id=\"1963c29\" data-element_type=\"column\">\n\t\t\t<div class=\"elementor-column-wrap elementor-element-populated\">\n\t\t\t\t\t\t\t<div class=\"elementor-widget-wrap\">\n\t\t\t\t\t\t<div class=\"elementor-element elementor-element-9907b67 elementor-widget-divider--view-line elementor-widget elementor-widget-divider\" data-id=\"9907b67\" data-element_type=\"widget\" data-widget_type=\"divider.default\">\n\t\t\t\t<div class=\"elementor-widget-container\">\n\t\t\t\t\t<div class=\"elementor-divider\">\n\t\t\t<span class=\"elementor-divider-separator\">\n\t\t\t\t\t\t<\/span>\n\t\t<\/div>\n\t\t\t\t<\/div>\n\t\t\t\t<\/div>\n\t\t\t\t\t\t<\/div>\n\t\t\t\t\t<\/div>\n\t\t<\/div>\n\t\t\t\t\t\t\t\t<\/div>\n\t\t\t\t\t<\/div>\n\t\t<\/section>\n\t\t\t\t<section class=\"elementor-section elementor-top-section elementor-element elementor-element-9f57c6a elementor-section-boxed elementor-section-height-default elementor-section-height-default\" data-id=\"9f57c6a\" data-element_type=\"section\">\n\t\t\t\t\t\t<div class=\"elementor-container elementor-column-gap-default\">\n\t\t\t\t\t\t\t<div class=\"elementor-row\">\n\t\t\t\t\t<div class=\"elementor-column elementor-col-33 elementor-top-column elementor-element elementor-element-753b058\" data-id=\"753b058\" data-element_type=\"column\">\n\t\t\t<div class=\"elementor-column-wrap elementor-element-populated\">\n\t\t\t\t\t\t\t<div class=\"elementor-widget-wrap\">\n\t\t\t\t\t\t<div class=\"elementor-element elementor-element-17a733f elementor-widget elementor-widget-image\" data-id=\"17a733f\" data-element_type=\"widget\" data-widget_type=\"image.default\">\n\t\t\t\t<div class=\"elementor-widget-container\">\n\t\t\t\t\t\t\t\t<div class=\"elementor-image\">\n\t\t\t\t\t\t\t\t\t\t\t\t<img width=\"196\" height=\"196\" src=\"https:\/\/patronfy.com\/wp-content\/uploads\/2020\/12\/img-ruta-transf.png\" class=\"attachment-large size-large\" alt=\"\" loading=\"lazy\" srcset=\"https:\/\/patronfy.com\/wp-content\/uploads\/2020\/12\/img-ruta-transf.png 196w, https:\/\/patronfy.com\/wp-content\/uploads\/2020\/12\/img-ruta-transf-150x150.png 150w, https:\/\/patronfy.com\/wp-content\/uploads\/2020\/12\/img-ruta-transf-100x100.png 100w\" sizes=\"(max-width: 196px) 100vw, 196px\" \/>\t\t\t\t\t\t\t\t\t\t\t\t\t\t<\/div>\n\t\t\t\t\t\t<\/div>\n\t\t\t\t<\/div>\n\t\t\t\t<div class=\"elementor-element elementor-element-a01c718 elementor-widget elementor-widget-heading\" data-id=\"a01c718\" data-element_type=\"widget\" data-widget_type=\"heading.default\">\n\t\t\t\t<div class=\"elementor-widget-container\">\n\t\t\t<p class=\"elementor-heading-title elementor-size-default\">DISPONIBLE<\/p>\t\t<\/div>\n\t\t\t\t<\/div>\n\t\t\t\t\t\t<\/div>\n\t\t\t\t\t<\/div>\n\t\t<\/div>\n\t\t\t\t<div class=\"elementor-column elementor-col-66 elementor-top-column elementor-element elementor-element-a94e863\" data-id=\"a94e863\" data-element_type=\"column\">\n\t\t\t<div class=\"elementor-column-wrap elementor-element-populated\">\n\t\t\t\t\t\t\t<div class=\"elementor-widget-wrap\">\n\t\t\t\t\t\t<div class=\"elementor-element elementor-element-08b1840 elementor-widget elementor-widget-heading\" data-id=\"08b1840\" data-element_type=\"widget\" data-widget_type=\"heading.default\">\n\t\t\t\t<div class=\"elementor-widget-container\">\n\t\t\t<h2 class=\"elementor-heading-title elementor-size-default\">2. Transformaciones de patrones<\/h2>\t\t<\/div>\n\t\t\t\t<\/div>\n\t\t\t\t<div class=\"elementor-element elementor-element-b2757a2 elementor-widget elementor-widget-text-editor\" data-id=\"b2757a2\" data-element_type=\"widget\" data-widget_type=\"text-editor.default\">\n\t\t\t\t<div class=\"elementor-widget-container\">\n\t\t\t\t\t\t\t\t<div class=\"elementor-text-editor elementor-clearfix\">\n\t\t\t\t\t<p>Imagina hasta d\u00f3nde podr\u00edas llegar si aprendieras y aplicaras las transformaciones de los e-books. Te imaginas<strong> cuantas ideas de transformaciones tuvieras para acelerar el trabajo<\/strong> <strong>en la creaci\u00f3n de un nuevo patr\u00f3n<\/strong>.<\/p><p><span style=\"font-weight: 400;\">Con\u00a0<\/span><b>los e-books de transformaciones<\/b><span style=\"font-weight: 400;\"> aprender\u00e1s t\u00e9cnicas probadas de patronaje, para que las repliques en tus dise\u00f1os y empieces de verdad a <\/span><span style=\"font-weight: 400;\">crear prendas espectaculares y sin errores<\/span><span style=\"font-weight: 400;\">. <\/span><\/p>\t\t\t\t\t<\/div>\n\t\t\t\t\t\t<\/div>\n\t\t\t\t<\/div>\n\t\t\t\t<div class=\"elementor-element elementor-element-002d897 elementor-widget elementor-widget-button\" data-id=\"002d897\" data-element_type=\"widget\" data-widget_type=\"button.default\">\n\t\t\t\t<div class=\"elementor-widget-container\">\n\t\t\t\t\t<div class=\"elementor-button-wrapper\">\n\t\t\t<a href=\"https:\/\/patronfy.com\/en\/ruta-patron\/\" class=\"elementor-button-link elementor-button elementor-size-sm\" role=\"button\">\n\t\t\t\t\t\t<span class=\"elementor-button-content-wrapper\">\n\t\t\t\t\t\t<span class=\"elementor-button-text\">SI QUIERO APRENDER<\/span>\n\t\t<\/span>\n\t\t\t\t\t<\/a>\n\t\t<\/div>\n\t\t\t\t<\/div>\n\t\t\t\t<\/div>\n\t\t\t\t\t\t<\/div>\n\t\t\t\t\t<\/div>\n\t\t<\/div>\n\t\t\t\t\t\t\t\t<\/div>\n\t\t\t\t\t<\/div>\n\t\t<\/section>\n\t\t\t\t<section class=\"elementor-section elementor-top-section elementor-element elementor-element-3408756 elementor-section-boxed elementor-section-height-default elementor-section-height-default\" data-id=\"3408756\" data-element_type=\"section\">\n\t\t\t\t\t\t<div class=\"elementor-container elementor-column-gap-default\">\n\t\t\t\t\t\t\t<div class=\"elementor-row\">\n\t\t\t\t\t<div class=\"elementor-column elementor-col-100 elementor-top-column elementor-element elementor-element-de6274e\" data-id=\"de6274e\" data-element_type=\"column\">\n\t\t\t<div class=\"elementor-column-wrap elementor-element-populated\">\n\t\t\t\t\t\t\t<div class=\"elementor-widget-wrap\">\n\t\t\t\t\t\t<div class=\"elementor-element elementor-element-04cb79d elementor-widget-divider--view-line elementor-widget elementor-widget-divider\" data-id=\"04cb79d\" data-element_type=\"widget\" data-widget_type=\"divider.default\">\n\t\t\t\t<div class=\"elementor-widget-container\">\n\t\t\t\t\t<div class=\"elementor-divider\">\n\t\t\t<span class=\"elementor-divider-separator\">\n\t\t\t\t\t\t<\/span>\n\t\t<\/div>\n\t\t\t\t<\/div>\n\t\t\t\t<\/div>\n\t\t\t\t\t\t<\/div>\n\t\t\t\t\t<\/div>\n\t\t<\/div>\n\t\t\t\t\t\t\t\t<\/div>\n\t\t\t\t\t<\/div>\n\t\t<\/section>\n\t\t\t\t<section class=\"elementor-section elementor-top-section elementor-element elementor-element-9cee7fe elementor-section-boxed elementor-section-height-default elementor-section-height-default\" data-id=\"9cee7fe\" data-element_type=\"section\">\n\t\t\t\t\t\t<div class=\"elementor-container elementor-column-gap-default\">\n\t\t\t\t\t\t\t<div class=\"elementor-row\">\n\t\t\t\t\t<div class=\"elementor-column elementor-col-33 elementor-top-column elementor-element elementor-element-76adfc5\" data-id=\"76adfc5\" data-element_type=\"column\">\n\t\t\t<div class=\"elementor-column-wrap elementor-element-populated\">\n\t\t\t\t\t\t\t<div class=\"elementor-widget-wrap\">\n\t\t\t\t\t\t<div class=\"elementor-element elementor-element-5af3ab6 elementor-widget elementor-widget-image\" data-id=\"5af3ab6\" data-element_type=\"widget\" data-widget_type=\"image.default\">\n\t\t\t\t<div class=\"elementor-widget-container\">\n\t\t\t\t\t\t\t\t<div class=\"elementor-image\">\n\t\t\t\t\t\t\t\t\t\t\t\t<img width=\"199\" height=\"199\" src=\"https:\/\/patronfy.com\/wp-content\/uploads\/2020\/12\/img-ruta-academia.png\" class=\"attachment-large size-large\" alt=\"\" loading=\"lazy\" srcset=\"https:\/\/patronfy.com\/wp-content\/uploads\/2020\/12\/img-ruta-academia.png 199w, https:\/\/patronfy.com\/wp-content\/uploads\/2020\/12\/img-ruta-academia-150x150.png 150w, https:\/\/patronfy.com\/wp-content\/uploads\/2020\/12\/img-ruta-academia-100x100.png 100w\" sizes=\"(max-width: 199px) 100vw, 199px\" \/>\t\t\t\t\t\t\t\t\t\t\t\t\t\t<\/div>\n\t\t\t\t\t\t<\/div>\n\t\t\t\t<\/div>\n\t\t\t\t<div class=\"elementor-element elementor-element-66c92e9 elementor-widget elementor-widget-heading\" data-id=\"66c92e9\" data-element_type=\"widget\" data-widget_type=\"heading.default\">\n\t\t\t\t<div class=\"elementor-widget-container\">\n\t\t\t<p class=\"elementor-heading-title elementor-size-default\">MUY PRONTO<\/p>\t\t<\/div>\n\t\t\t\t<\/div>\n\t\t\t\t\t\t<\/div>\n\t\t\t\t\t<\/div>\n\t\t<\/div>\n\t\t\t\t<div class=\"elementor-column elementor-col-66 elementor-top-column elementor-element elementor-element-055a307\" data-id=\"055a307\" data-element_type=\"column\">\n\t\t\t<div class=\"elementor-column-wrap elementor-element-populated\">\n\t\t\t\t\t\t\t<div class=\"elementor-widget-wrap\">\n\t\t\t\t\t\t<div class=\"elementor-element elementor-element-3b9ea1d elementor-widget elementor-widget-heading\" data-id=\"3b9ea1d\" data-element_type=\"widget\" data-widget_type=\"heading.default\">\n\t\t\t\t<div class=\"elementor-widget-container\">\n\t\t\t<h2 class=\"elementor-heading-title elementor-size-default\">3. Academia<\/h2>\t\t<\/div>\n\t\t\t\t<\/div>\n\t\t\t\t<div class=\"elementor-element elementor-element-5ee31e6 elementor-widget elementor-widget-text-editor\" data-id=\"5ee31e6\" data-element_type=\"widget\" data-widget_type=\"text-editor.default\">\n\t\t\t\t<div class=\"elementor-widget-container\">\n\t\t\t\t\t\t\t\t<div class=\"elementor-text-editor elementor-clearfix\">\n\t\t\t\t\t<p><span style=\"font-weight: 400;\">La academia <strong>se abrir\u00e1 muy pronto<\/strong>.\u00a0<\/span><span style=\"font-weight: 400;\">Aqu\u00ed aprender\u00e1s transformaciones de patrones que sean un reto.\u00a0<\/span><\/p><p><span style=\"font-weight: 400;\">Crees que los dise\u00f1os complicados solo pueden crear personas que tuvieron una \u00abformaci\u00f3n especial\u00bb. Dejame decirte que no, son personas como t\u00fa que nunca han dejado de aprender y siempre experimentan nuevas cosas.<\/span><\/p>\t\t\t\t\t<\/div>\n\t\t\t\t\t\t<\/div>\n\t\t\t\t<\/div>\n\t\t\t\t\t\t<\/div>\n\t\t\t\t\t<\/div>\n\t\t<\/div>\n\t\t\t\t\t\t\t\t<\/div>\n\t\t\t\t\t<\/div>\n\t\t<\/section>\n\t\t\t\t<section class=\"elementor-section elementor-top-section elementor-element elementor-element-f23a22f elementor-section-boxed elementor-section-height-default elementor-section-height-default\" data-id=\"f23a22f\" data-element_type=\"section\">\n\t\t\t\t\t\t<div class=\"elementor-container elementor-column-gap-default\">\n\t\t\t\t\t\t\t<div class=\"elementor-row\">\n\t\t\t\t\t<div class=\"elementor-column elementor-col-100 elementor-top-column elementor-element elementor-element-f189226\" data-id=\"f189226\" data-element_type=\"column\">\n\t\t\t<div class=\"elementor-column-wrap elementor-element-populated\">\n\t\t\t\t\t\t\t<div class=\"elementor-widget-wrap\">\n\t\t\t\t\t\t<div class=\"elementor-element elementor-element-9a29a73 elementor-widget-divider--view-line elementor-widget elementor-widget-divider\" data-id=\"9a29a73\" data-element_type=\"widget\" data-widget_type=\"divider.default\">\n\t\t\t\t<div class=\"elementor-widget-container\">\n\t\t\t\t\t<div class=\"elementor-divider\">\n\t\t\t<span class=\"elementor-divider-separator\">\n\t\t\t\t\t\t<\/span>\n\t\t<\/div>\n\t\t\t\t<\/div>\n\t\t\t\t<\/div>\n\t\t\t\t\t\t<\/div>\n\t\t\t\t\t<\/div>\n\t\t<\/div>\n\t\t\t\t\t\t\t\t<\/div>\n\t\t\t\t\t<\/div>\n\t\t<\/section>\n\t\t\t\t\t\t<\/div>\n\t\t\t\t\t\t<\/div>\n\t\t\t\t\t<\/div>","protected":false},"excerpt":{"rendered":"<p>La Ruta del Patronista \u00bfDeseas ampliar tu conocimiento en patronaje, pero no sabes por d\u00f3nde empezar? He creado la ruta del patronista que te ayudar\u00e1 a crear patrones de ropa sin complicaciones. De seguro si est\u00e1s aqu\u00ed es porque deseas trabajar en el mundo de la moda como dise\u00f1ador patronista o deseas ponerte tu propia &hellip;<\/p>\n<p class=\"read-more\"> <a class=\"\" href=\"https:\/\/patronfy.com\/en\/ruta-ant\/\"> <span class=\"screen-reader-text\">ruta-ant<\/span> Read More &raquo;<\/a><\/p>","protected":false},"author":1,"featured_media":0,"parent":0,"menu_order":0,"comment_status":"closed","ping_status":"closed","template":"","meta":[],"_links":{"self":[{"href":"https:\/\/patronfy.com\/en\/wp-json\/wp\/v2\/pages\/437"}],"collection":[{"href":"https:\/\/patronfy.com\/en\/wp-json\/wp\/v2\/pages"}],"about":[{"href":"https:\/\/patronfy.com\/en\/wp-json\/wp\/v2\/types\/page"}],"author":[{"embeddable":true,"href":"https:\/\/patronfy.com\/en\/wp-json\/wp\/v2\/users\/1"}],"replies":[{"embeddable":true,"href":"https:\/\/patronfy.com\/en\/wp-json\/wp\/v2\/comments?post=437"}],"version-history":[{"count":20,"href":"https:\/\/patronfy.com\/en\/wp-json\/wp\/v2\/pages\/437\/revisions"}],"predecessor-version":[{"id":1130,"href":"https:\/\/patronfy.com\/en\/wp-json\/wp\/v2\/pages\/437\/revisions\/1130"}],"wp:attachment":[{"href":"https:\/\/patronfy.com\/en\/wp-json\/wp\/v2\/media?parent=437"}],"curies":[{"name":"wp","href":"https:\/\/api.w.org\/{rel}","templated":true}]}}